{"id":2859,"date":"2026-04-12T09:08:54","date_gmt":"2026-04-12T09:08:54","guid":{"rendered":"https:\/\/ruemonsieurparis.com\/termes-et-conditions\/"},"modified":"2026-04-14T10:54:35","modified_gmt":"2026-04-14T10:54:35","slug":"termes-et-conditions","status":"publish","type":"page","link":"https:\/\/ruemonsieurparis.com\/fr\/termes-et-conditions\/","title":{"rendered":"Termes et conditions"},"content":{"rendered":"<p>1. \u00c9DITION ET H\u00c9BERGEMENT:<\/p>\n<ol>\n<li style=\"list-style-type: none;\">\n<ol class=\"ProsemirrorEditor-list\">\n<li class=\"ProsemirrorEditor-listItem\" data-list-indent=\"1\" data-list-type=\"bulleted\">Propri\u00e9taire du site internet: RUE MONSIEUR PARIS INTERIORS<\/li>\n<li class=\"ProsemirrorEditor-listItem\" data-list-indent=\"1\" data-list-type=\"bulleted\">Si\u00e8ge social: 25 quai de Grenelle, 75015 PARIS, FRANCE<\/li>\n<li class=\"ProsemirrorEditor-listItem\" data-list-indent=\"1\" data-list-type=\"bulleted\">SIRET: 844548917 00013<\/li>\n<li class=\"ProsemirrorEditor-listItem\" data-list-indent=\"1\" data-list-type=\"bulleted\">Directeur de la publication: Marjan Maximilian DENKOV<\/li>\n<li class=\"ProsemirrorEditor-listItem\" data-list-indent=\"1\" data-list-type=\"bulleted\">Contact: <a class=\"ProsemirrorEditor-link\" href=\"mailto:marjan@ruemonsieurparis.com\">marjan@ruemonsieurparis.com<\/a><\/li>\n<li class=\"ProsemirrorEditor-listItem\" data-list-indent=\"1\" data-list-type=\"bulleted\">H\u00e9bergement: Ce site est h\u00e9berg\u00e9 par Eon Eden Marketing<\/li>\n<\/ol>\n<\/li>\n<\/ol>\n<p>2. PROPRI\u00c9T\u00c9 INTELLECTUELLE: L\u2019ensemble des contenus de ce site (textes, photographies, dessins, plans, concepts de design et cr\u00e9ations graphiques) est la propri\u00e9t\u00e9 exclusive de RUE MONSIEUR PARIS INTERIORS. Toute reproduction, repr\u00e9sentation, modification ou adaptation, totale ou partielle, est strictement interdite sans autorisation \u00e9crite pr\u00e9alable, conform\u00e9ment au Code de la propri\u00e9t\u00e9 intellectuelle. Le non-respect de cette interdiction constitue une contrefa\u00e7on pouvant engager la responsabilit\u00e9 civile et p\u00e9nale de son auteur.<\/p>\n<p>3. PROTECTION DES DONN\u00c9ES (RGPD): Conform\u00e9ment au R\u00e8glement G\u00e9n\u00e9ral sur la Protection des Donn\u00e9es (RGPD), nous nous engageons \u00e0 prot\u00e9ger vos donn\u00e9es personnelles :<\/p>\n<ul>\n<li>Collecte : Les donn\u00e9es collect\u00e9es via les formulaires de contact (nom, email) servent exclusivement \u00e0 la gestion de vos demandes de projet.<\/li>\n<li>Conservation : Vos donn\u00e9es sont conserv\u00e9es pour une dur\u00e9e maximale de 3 ans.<\/li>\n<li>Vos droits : Vous avez le droit d\u2019acc\u00e9der \u00e0 vos donn\u00e9es personnelles, de les rectifier ou de les supprimer \u00e0 tout moment en contactant: <a class=\"ProsemirrorEditor-link\" href=\"mailto:marjan@ruemonsieurparis.com\">marjan@ruemonsieurparis.com<\/a><\/li>\n<\/ul>\n<p>4. COOKIES: Ce site utilise des cookies pour am\u00e9liorer votre navigation et analyser le trafic. Lors de votre premi\u00e8re visite, un bandeau vous permet d&rsquo;accepter, de refuser ou de personnaliser l&rsquo;utilisation de ces cookies.<\/p>\n<p>5. LIMITATION DE RESPONSABILIT\u00c9: Les analyses et expertises fournies sur ce site le sont \u00e0 titre indicatif. Elles ne sauraient remplacer une expertise technique compl\u00e8te sur site r\u00e9alis\u00e9e dans le cadre d&rsquo;un contrat sp\u00e9cifique.<\/p>\n","protected":false},"excerpt":{"rendered":"<p>1. \u00c9DITION ET H\u00c9BERGEMENT: Propri\u00e9taire du site internet: RUE MONSIEUR PARIS INTERIORS Si\u00e8ge social: 25 quai de Grenelle, 75015 PARIS, FRANCE SIRET: 844548917 00013 Directeur&#8230;<\/p>\n","protected":false},"author":1,"featured_media":0,"parent":0,"menu_order":0,"comment_status":"closed","ping_status":"closed","template":"","meta":{"_acf_changed":false,"footnotes":""},"class_list":["post-2859","page","type-page","status-publish","hentry"],"acf":[],"_links":{"self":[{"href":"https:\/\/ruemonsieurparis.com\/fr\/wp-json\/wp\/v2\/pages\/2859","targetHints":{"allow":["GET"]}}],"collection":[{"href":"https:\/\/ruemonsieurparis.com\/fr\/wp-json\/wp\/v2\/pages"}],"about":[{"href":"https:\/\/ruemonsieurparis.com\/fr\/wp-json\/wp\/v2\/types\/page"}],"author":[{"embeddable":true,"href":"https:\/\/ruemonsieurparis.com\/fr\/wp-json\/wp\/v2\/users\/1"}],"replies":[{"embeddable":true,"href":"https:\/\/ruemonsieurparis.com\/fr\/wp-json\/wp\/v2\/comments?post=2859"}],"version-history":[{"count":5,"href":"https:\/\/ruemonsieurparis.com\/fr\/wp-json\/wp\/v2\/pages\/2859\/revisions"}],"predecessor-version":[{"id":2940,"href":"https:\/\/ruemonsieurparis.com\/fr\/wp-json\/wp\/v2\/pages\/2859\/revisions\/2940"}],"wp:attachment":[{"href":"https:\/\/ruemonsieurparis.com\/fr\/wp-json\/wp\/v2\/media?parent=2859"}],"curies":[{"name":"wp","href":"https:\/\/api.w.org\/{rel}","templated":true}]}}