{"id":2310,"date":"2026-03-13T13:23:38","date_gmt":"2026-03-13T13:23:38","guid":{"rendered":"https:\/\/ruemonsieurparis.com\/interieurs-sur-mesure\/"},"modified":"2026-04-14T10:34:21","modified_gmt":"2026-04-14T10:34:21","slug":"interieurs-sur-mesure","status":"publish","type":"page","link":"https:\/\/ruemonsieurparis.com\/fr\/interieurs-sur-mesure\/","title":{"rendered":"Expertise"},"content":{"rendered":"\t\t<div data-elementor-type=\"wp-page\" data-elementor-id=\"2310\" class=\"elementor elementor-2310 elementor-1466\" data-elementor-post-type=\"page\">\n\t\t\t\t<div class=\"elementor-element elementor-element-10f1e82 e-flex e-con-boxed e-con e-parent\" data-id=\"10f1e82\" data-element_type=\"container\" data-settings=\"{&quot;background_background&quot;:&quot;classic&quot;}\">\n\t\t\t\t\t<div class=\"e-con-inner\">\n\t\t<div class=\"elementor-element elementor-element-3a3da22 e-con-full e-flex e-con e-child\" data-id=\"3a3da22\" data-element_type=\"container\">\n\t\t\t\t<div class=\"elementor-element elementor-element-5c29d3a elementor-widget elementor-widget-heading\" data-id=\"5c29d3a\" data-element_type=\"widget\" data-widget_type=\"heading.default\">\n\t\t\t\t<div class=\"elementor-widget-container\">\n\t\t\t<h2 class=\"elementor-heading-title elementor-size-default\">Int\u00e9rieurs sur mesure<\/h2>\t\t<\/div>\n\t\t\t\t<\/div>\n\t\t\t\t<div class=\"elementor-element elementor-element-c671306 elementor-widget elementor-widget-heading\" data-id=\"c671306\" data-element_type=\"widget\" data-widget_type=\"heading.default\">\n\t\t\t\t<div class=\"elementor-widget-container\">\n\t\t\t<h2 class=\"elementor-heading-title elementor-size-default\">Avec une identit\u00e9 forte. <\/h2>\t\t<\/div>\n\t\t\t\t<\/div>\n\t\t\t\t<div class=\"elementor-element elementor-element-72b8ebb elementor-widget elementor-widget-spacer\" data-id=\"72b8ebb\" data-element_type=\"widget\" data-widget_type=\"spacer.default\">\n\t\t\t\t<div class=\"elementor-widget-container\">\n\t\t\t\t\t<div class=\"elementor-spacer\">\n\t\t\t<div class=\"elementor-spacer-inner\"><\/div>\n\t\t<\/div>\n\t\t\t\t<\/div>\n\t\t\t\t<\/div>\n\t\t\t\t<div class=\"elementor-element elementor-element-d6c25b3 elementor-widget elementor-widget-text-editor\" data-id=\"d6c25b3\" data-element_type=\"widget\" data-widget_type=\"text-editor.default\">\n\t\t\t\t<div class=\"elementor-widget-container\">\n\t\t\t\t\t\t\t<p>Nous offrons un accompagnement de A \u00e0 Z et des solutions cl\u00e9s en main, articul\u00e9s autour des \u00e9tapes de conception suivantes :<\/p>\t\t\t\t\t\t<\/div>\n\t\t\t\t<\/div>\n\t\t\t\t<\/div>\n\t\t<div class=\"elementor-element elementor-element-b4cde16 e-con-full e-flex e-con e-child\" data-id=\"b4cde16\" data-element_type=\"container\">\n\t\t\t\t<div class=\"elementor-element elementor-element-80f1eee etheme-elementor-widget-loaded elementor-widget elementor-widget-image\" data-id=\"80f1eee\" data-element_type=\"widget\" data-widget_type=\"image.default\">\n\t\t\t\t<div class=\"elementor-widget-container\">\n\t\t\t\t\t\t\t\t\t\t\t\t\t<img loading=\"lazy\" loading=\"lazy\" decoding=\"async\" width=\"644\" height=\"808\" src=\"https:\/\/ruemonsieurparis.com\/wp-content\/uploads\/2026\/03\/what-we-do.jpg\" class=\"attachment-full size-full wp-image-2312\" alt=\"\" srcset=\"https:\/\/ruemonsieurparis.com\/wp-content\/uploads\/2026\/03\/what-we-do.jpg 644w, https:\/\/ruemonsieurparis.com\/wp-content\/uploads\/2026\/03\/what-we-do-239x300.jpg 239w, https:\/\/ruemonsieurparis.com\/wp-content\/uploads\/2026\/03\/what-we-do-600x753.jpg 600w, https:\/\/ruemonsieurparis.com\/wp-content\/uploads\/2026\/03\/what-we-do-1x1.jpg 1w, https:\/\/ruemonsieurparis.com\/wp-content\/uploads\/2026\/03\/what-we-do-8x10.jpg 8w\" sizes=\"auto, (max-width: 644px) 100vw, 644px\" \/>\t\t\t\t\t\t\t\t\t\t\t\t\t<\/div>\n\t\t\t\t<\/div>\n\t\t\t\t<\/div>\n\t\t\t\t\t<\/div>\n\t\t\t\t<\/div>\n\t\t<div class=\"elementor-element elementor-element-30b6bc6 e-flex e-con-boxed e-con e-parent\" data-id=\"30b6bc6\" data-element_type=\"container\">\n\t\t\t\t\t<div class=\"e-con-inner\">\n\t\t\t\t<div class=\"elementor-element elementor-element-0a1f10a elementor-widget-divider--view-line elementor-widget elementor-widget-divider\" data-id=\"0a1f10a\" data-element_type=\"widget\" data-widget_type=\"divider.default\">\n\t\t\t\t<div class=\"elementor-widget-container\">\n\t\t\t\t\t<div class=\"elementor-divider\">\n\t\t\t<span class=\"elementor-divider-separator\">\n\t\t\t\t\t\t<\/span>\n\t\t<\/div>\n\t\t\t\t<\/div>\n\t\t\t\t<\/div>\n\t\t\t\t<div class=\"elementor-element elementor-element-3cc0674 elementor-widget elementor-widget-text-editor\" data-id=\"3cc0674\" data-element_type=\"widget\" data-widget_type=\"text-editor.default\">\n\t\t\t\t<div class=\"elementor-widget-container\">\n\t\t\t\t\t\t\t<p><strong>PHASE I :<\/strong> PREMIER RENDEZ-VOUS<\/p>\t\t\t\t\t\t<\/div>\n\t\t\t\t<\/div>\n\t\t\t\t<div class=\"elementor-element elementor-element-3a5921f elementor-widget elementor-widget-text-editor\" data-id=\"3a5921f\" data-element_type=\"widget\" data-widget_type=\"text-editor.default\">\n\t\t\t\t<div class=\"elementor-widget-container\">\n\t\t\t\t\t\t\t<p>Le premier rendez-vous est avant tout une rencontre. Durant cette phase, Marjan Maximilian sera essentiellement \u00e0 votre \u00e9coute. Il prendra le temps de comprendre votre style de vie et d\u2019analyser vos besoins afin de concevoir un projet personnalis\u00e9 qui r\u00e9pondra parfaitement \u00e0 vos attentes.<\/p><p>Cette \u00e9tape permet une premi\u00e8re prise de connaissance du projet, durant laquelle tous les aspects \u2014 modifications structurelles, d\u00e9marches administratives et contraintes techniques \u2014 seront abord\u00e9s. Lors de cet \u00e9change, chaque information est pr\u00e9cieuse.<\/p><p>Une premi\u00e8re estimation du budget pr\u00e9visionnel des travaux et des honoraires sera \u00e9galement \u00e9voqu\u00e9e. Cette phase est cruciale pour \u00e9tablir les bases de notre collaboration et mieux vous accompagner.<\/p>\t\t\t\t\t\t<\/div>\n\t\t\t\t<\/div>\n\t\t\t\t<div class=\"elementor-element elementor-element-97fb971 elementor-widget-divider--view-line elementor-widget elementor-widget-divider\" data-id=\"97fb971\" data-element_type=\"widget\" data-widget_type=\"divider.default\">\n\t\t\t\t<div class=\"elementor-widget-container\">\n\t\t\t\t\t<div class=\"elementor-divider\">\n\t\t\t<span class=\"elementor-divider-separator\">\n\t\t\t\t\t\t<\/span>\n\t\t<\/div>\n\t\t\t\t<\/div>\n\t\t\t\t<\/div>\n\t\t\t\t<div class=\"elementor-element elementor-element-6a96566 elementor-widget elementor-widget-text-editor\" data-id=\"6a96566\" data-element_type=\"widget\" data-widget_type=\"text-editor.default\">\n\t\t\t\t<div class=\"elementor-widget-container\">\n\t\t\t\t\t\t\t<p><strong>PHASE II :<\/strong> CONCEPT ET DESIGN\u2028<\/p>\t\t\t\t\t\t<\/div>\n\t\t\t\t<\/div>\n\t\t\t\t<div class=\"elementor-element elementor-element-819eee2 elementor-widget elementor-widget-text-editor\" data-id=\"819eee2\" data-element_type=\"widget\" data-widget_type=\"text-editor.default\">\n\t\t\t\t<div class=\"elementor-widget-container\">\n\t\t\t\t\t\t\t<p>Lors de cette \u00e9tape, Marjan Maximilian et son \u00e9quipe de conception cr\u00e9ent et pr\u00e9sentent leur vision de l\u2019espace. Notre pr\u00e9sentation d\u00e9taillera l\u2019ambiance de chaque pi\u00e8ce, illustrant les changements structurels et la disposition du mobilier.<\/p><p>Nous pr\u00e9senterons un mood board incluant des solutions d\u2019\u00e9clairage, des \u00e9chantillons de mat\u00e9riaux et de finitions, ainsi que des s\u00e9lections de mobilier. Nous sugg\u00e9rerons \u00e9galement des concepts de menuiserie sur mesure pour vous aider \u00e0 visualiser l&rsquo;espace. Selon la complexit\u00e9 du projet, des consultants sp\u00e9cialis\u00e9s (ing\u00e9nieurs structure, fluides, acousticiens, \u00e9clairagistes ou sp\u00e9cialistes AV) pourront \u00eatre sollicit\u00e9s si n\u00e9cessaire.<\/p>\t\t\t\t\t\t<\/div>\n\t\t\t\t<\/div>\n\t\t\t\t<div class=\"elementor-element elementor-element-7442a95 elementor-widget-divider--view-line elementor-widget elementor-widget-divider\" data-id=\"7442a95\" data-element_type=\"widget\" data-widget_type=\"divider.default\">\n\t\t\t\t<div class=\"elementor-widget-container\">\n\t\t\t\t\t<div class=\"elementor-divider\">\n\t\t\t<span class=\"elementor-divider-separator\">\n\t\t\t\t\t\t<\/span>\n\t\t<\/div>\n\t\t\t\t<\/div>\n\t\t\t\t<\/div>\n\t\t\t\t<div class=\"elementor-element elementor-element-49bdf17 elementor-widget elementor-widget-text-editor\" data-id=\"49bdf17\" data-element_type=\"widget\" data-widget_type=\"text-editor.default\">\n\t\t\t\t<div class=\"elementor-widget-container\">\n\t\t\t\t\t\t\t<p><strong>PHASE III :<\/strong> D\u00c9VELOPPEMENT DU PROJET<\/p>\t\t\t\t\t\t<\/div>\n\t\t\t\t<\/div>\n\t\t\t\t<div class=\"elementor-element elementor-element-3eb77d6 elementor-widget elementor-widget-text-editor\" data-id=\"3eb77d6\" data-element_type=\"widget\" data-widget_type=\"text-editor.default\">\n\t\t\t\t<div class=\"elementor-widget-container\">\n\t\t\t\t\t\t\t<p style=\"text-align: justify;\">Apr\u00e8s validation du concept, nous d\u00e9veloppons les plans techniques d\u00e9taill\u00e9s. L\u2019ensemble du dossier d\u2019architecture int\u00e9rieure sera pr\u00e9sent\u00e9 : \u00e9l\u00e9vations, plans \u00e9lectriques, conception d\u00e9taill\u00e9e de la cuisine et des salles de bains, menuiseries int\u00e9gr\u00e9es, plomberie, calepinage, finitions et d\u00e9tails de d\u00e9coration (plinthes, rideaux, appareillage \u00e9lectrique).<\/p><p style=\"text-align: justify;\">Nous garantissons un projet conforme aux normes l\u00e9gales en vigueur. Pour la validation finale, nous fournirons des rendus 3D et des images de synth\u00e8se haute d\u00e9finition des zones cl\u00e9s.<\/p><p>\u00c0 ce stade, nous pr\u00e9senterons \u00e9galement le chiffrage d\u00e9finitif, bas\u00e9 sur les devis d\u2019entreprises et conforme au budget convenu.<\/p><p>\u00a0<\/p>\t\t\t\t\t\t<\/div>\n\t\t\t\t<\/div>\n\t\t\t\t<div class=\"elementor-element elementor-element-d79adf5 elementor-widget-divider--view-line elementor-widget elementor-widget-divider\" data-id=\"d79adf5\" data-element_type=\"widget\" data-widget_type=\"divider.default\">\n\t\t\t\t<div class=\"elementor-widget-container\">\n\t\t\t\t\t<div class=\"elementor-divider\">\n\t\t\t<span class=\"elementor-divider-separator\">\n\t\t\t\t\t\t<\/span>\n\t\t<\/div>\n\t\t\t\t<\/div>\n\t\t\t\t<\/div>\n\t\t\t\t<div class=\"elementor-element elementor-element-aaac3dd elementor-widget elementor-widget-text-editor\" data-id=\"aaac3dd\" data-element_type=\"widget\" data-widget_type=\"text-editor.default\">\n\t\t\t\t<div class=\"elementor-widget-container\">\n\t\t\t\t\t\t\t<p><strong>PHASE IV :<\/strong> PILOTAGE &amp; COORDINATION DES TRAVAUX<\/p>\t\t\t\t\t\t<\/div>\n\t\t\t\t<\/div>\n\t\t\t\t<div class=\"elementor-element elementor-element-266e704 elementor-widget elementor-widget-text-editor\" data-id=\"266e704\" data-element_type=\"widget\" data-widget_type=\"text-editor.default\">\n\t\t\t\t<div class=\"elementor-widget-container\">\n\t\t\t\t\t\t\t<p style=\"text-align: justify;\">Le chantier d\u00e9butera une fois le planning valid\u00e9. Nous pr\u00e9senterons le cahier des charges aux entreprises prestataires et assurerons un suivi de chantier r\u00e9gulier pour garantir que notre concept est r\u00e9alis\u00e9 selon les r\u00e8gles de l&rsquo;art. Nous effectuons le contr\u00f4le qualit\u00e9 des ouvrages et des mat\u00e9riaux. Nous assurons l&rsquo;interface entre les entreprises et vous-m\u00eame (le Ma\u00eetre d\u2019Ouvrage), apportons notre conseil technique et assurons le suivi rigoureux du budget. Nous adapterons les plans d\u2019ex\u00e9cution selon les r\u00e9alit\u00e9s techniques du terrain et tiendrons le client inform\u00e9 de l&rsquo;avancement en temps r\u00e9el.<\/p>\t\t\t\t\t\t<\/div>\n\t\t\t\t<\/div>\n\t\t\t\t<div class=\"elementor-element elementor-element-d4a29fa elementor-widget-divider--view-line elementor-widget elementor-widget-divider\" data-id=\"d4a29fa\" data-element_type=\"widget\" data-widget_type=\"divider.default\">\n\t\t\t\t<div class=\"elementor-widget-container\">\n\t\t\t\t\t<div class=\"elementor-divider\">\n\t\t\t<span class=\"elementor-divider-separator\">\n\t\t\t\t\t\t<\/span>\n\t\t<\/div>\n\t\t\t\t<\/div>\n\t\t\t\t<\/div>\n\t\t\t\t<div class=\"elementor-element elementor-element-cdda748 elementor-widget elementor-widget-text-editor\" data-id=\"cdda748\" data-element_type=\"widget\" data-widget_type=\"text-editor.default\">\n\t\t\t\t<div class=\"elementor-widget-container\">\n\t\t\t\t\t\t\t<p><strong>PHASE V :<\/strong> ACHATS ET INSTALLATIONS<\/p>\t\t\t\t\t\t<\/div>\n\t\t\t\t<\/div>\n\t\t\t\t<div class=\"elementor-element elementor-element-c0e4ef7 elementor-widget elementor-widget-text-editor\" data-id=\"c0e4ef7\" data-element_type=\"widget\" data-widget_type=\"text-editor.default\">\n\t\t\t\t<div class=\"elementor-widget-container\">\n\t\t\t\t\t\t\t<p style=\"text-align: justify;\">Nous disposons d\u2019un bureau d\u2019achat d\u00e9di\u00e9 au mobilier, aux luminaires, aux \u0153uvres d\u2019art et aux accessoires. Nous \u00e9tablissons une liste d\u2019achats d\u00e9taill\u00e9e, proposons des r\u00e9f\u00e9rences exclusives, g\u00e9rons la s\u00e9lection finale, les commandes et l\u2019installation. Nous fournissons un service \u00ab\u00a0cl\u00e9s en main\u00a0\u00bb pour que vous puissiez emm\u00e9nager en toute s\u00e9r\u00e9nit\u00e9. Cette phase n&rsquo;est pas strictement chronologique : elle se d\u00e9roule souvent en parall\u00e8le du projet, car celui-ci peut \u00eatre con\u00e7u autour d\u2019une pi\u00e8ce ma\u00eetresse que nous souhaitons mettre en valeur.<\/p>\t\t\t\t\t\t<\/div>\n\t\t\t\t<\/div>\n\t\t\t\t\t<\/div>\n\t\t\t\t<\/div>\n\t\t<div class=\"elementor-element elementor-element-38d6a66 e-flex e-con-boxed e-con e-parent\" data-id=\"38d6a66\" data-element_type=\"container\">\n\t\t\t\t\t<div class=\"e-con-inner\">\n\t\t\t\t<div class=\"elementor-element elementor-element-79b93aa elementor-align-center elementor-widget elementor-widget-button\" data-id=\"79b93aa\" data-element_type=\"widget\" data-widget_type=\"button.default\">\n\t\t\t\t<div class=\"elementor-widget-container\">\n\t\t\t\t\t\t\t<div class=\"elementor-button-wrapper\">\n\t\t\t\t\t<a class=\"elementor-button elementor-button-link elementor-size-sm\" href=\"https:\/\/ruemonsieurparis.com\/fr\/#contact-fr\">\n\t\t\t\t\t\t<span class=\"elementor-button-content-wrapper\">\n\t\t\t\t\t\t\t\t\t<span class=\"elementor-button-text\">NOUS CONTACTER<\/span>\n\t\t\t\t\t<\/span>\n\t\t\t\t\t<\/a>\n\t\t\t\t<\/div>\n\t\t\t\t\t\t<\/div>\n\t\t\t\t<\/div>\n\t\t\t\t\t<\/div>\n\t\t\t\t<\/div>\n\t\t<div class=\"elementor-element elementor-element-7b4204b e-flex e-con-boxed e-con e-parent\" data-id=\"7b4204b\" data-element_type=\"container\">\n\t\t\t\t\t<div class=\"e-con-inner\">\n\t\t\t\t<div class=\"elementor-element elementor-element-82ed21a etheme-elementor-widget-loaded elementor-widget elementor-widget-image\" data-id=\"82ed21a\" data-element_type=\"widget\" data-widget_type=\"image.default\">\n\t\t\t\t<div class=\"elementor-widget-container\">\n\t\t\t\t\t\t\t\t\t\t\t\t\t<img loading=\"lazy\" loading=\"lazy\" decoding=\"async\" width=\"2000\" height=\"1125\" src=\"https:\/\/ruemonsieurparis.com\/wp-content\/uploads\/2026\/03\/04-Appartment-Baobab.jpg\" class=\"attachment-full size-full wp-image-2311\" alt=\"\" srcset=\"https:\/\/ruemonsieurparis.com\/wp-content\/uploads\/2026\/03\/04-Appartment-Baobab.jpg 2000w, https:\/\/ruemonsieurparis.com\/wp-content\/uploads\/2026\/03\/04-Appartment-Baobab-300x169.jpg 300w, https:\/\/ruemonsieurparis.com\/wp-content\/uploads\/2026\/03\/04-Appartment-Baobab-1024x576.jpg 1024w, https:\/\/ruemonsieurparis.com\/wp-content\/uploads\/2026\/03\/04-Appartment-Baobab-768x432.jpg 768w, https:\/\/ruemonsieurparis.com\/wp-content\/uploads\/2026\/03\/04-Appartment-Baobab-1536x864.jpg 1536w, https:\/\/ruemonsieurparis.com\/wp-content\/uploads\/2026\/03\/04-Appartment-Baobab-600x338.jpg 600w, https:\/\/ruemonsieurparis.com\/wp-content\/uploads\/2026\/03\/04-Appartment-Baobab-1x1.jpg 1w, https:\/\/ruemonsieurparis.com\/wp-content\/uploads\/2026\/03\/04-Appartment-Baobab-10x6.jpg 10w\" sizes=\"auto, (max-width: 2000px) 100vw, 2000px\" \/>\t\t\t\t\t\t\t\t\t\t\t\t\t<\/div>\n\t\t\t\t<\/div>\n\t\t\t\t\t<\/div>\n\t\t\t\t<\/div>\n\t\t\t\t<\/div>\n\t\t","protected":false},"excerpt":{"rendered":"<p>Int\u00e9rieurs sur mesure Avec une identit\u00e9 forte. Nous offrons un accompagnement de A \u00e0 Z et des solutions cl\u00e9s en main, articul\u00e9s autour des \u00e9tapes&#8230;<\/p>\n","protected":false},"author":1,"featured_media":0,"parent":0,"menu_order":0,"comment_status":"closed","ping_status":"closed","template":"elementor_header_footer","meta":{"_acf_changed":false,"footnotes":""},"class_list":["post-2310","page","type-page","status-publish","hentry"],"acf":[],"_links":{"self":[{"href":"https:\/\/ruemonsieurparis.com\/fr\/wp-json\/wp\/v2\/pages\/2310","targetHints":{"allow":["GET"]}}],"collection":[{"href":"https:\/\/ruemonsieurparis.com\/fr\/wp-json\/wp\/v2\/pages"}],"about":[{"href":"https:\/\/ruemonsieurparis.com\/fr\/wp-json\/wp\/v2\/types\/page"}],"author":[{"embeddable":true,"href":"https:\/\/ruemonsieurparis.com\/fr\/wp-json\/wp\/v2\/users\/1"}],"replies":[{"embeddable":true,"href":"https:\/\/ruemonsieurparis.com\/fr\/wp-json\/wp\/v2\/comments?post=2310"}],"version-history":[{"count":17,"href":"https:\/\/ruemonsieurparis.com\/fr\/wp-json\/wp\/v2\/pages\/2310\/revisions"}],"predecessor-version":[{"id":2915,"href":"https:\/\/ruemonsieurparis.com\/fr\/wp-json\/wp\/v2\/pages\/2310\/revisions\/2915"}],"wp:attachment":[{"href":"https:\/\/ruemonsieurparis.com\/fr\/wp-json\/wp\/v2\/media?parent=2310"}],"curies":[{"name":"wp","href":"https:\/\/api.w.org\/{rel}","templated":true}]}}