{"id":2271,"date":"2024-11-20T14:42:18","date_gmt":"2024-11-20T14:42:18","guid":{"rendered":"https:\/\/ruemonsieurparis.com\/designer\/"},"modified":"2026-04-07T12:27:30","modified_gmt":"2026-04-07T12:27:30","slug":"designer","status":"publish","type":"page","link":"https:\/\/ruemonsieurparis.com\/fr\/designer\/","title":{"rendered":"Designer"},"content":{"rendered":"\t\t<div data-elementor-type=\"wp-page\" data-elementor-id=\"2271\" class=\"elementor elementor-2271 elementor-983\" data-elementor-post-type=\"page\">\n\t\t\t\t<div class=\"elementor-element elementor-element-10f1e82 e-flex e-con-boxed e-con e-parent\" data-id=\"10f1e82\" data-element_type=\"container\" data-settings=\"{&quot;background_background&quot;:&quot;classic&quot;}\">\n\t\t\t\t\t<div class=\"e-con-inner\">\n\t\t<div class=\"elementor-element elementor-element-3a3da22 e-con-full e-flex e-con e-child\" data-id=\"3a3da22\" data-element_type=\"container\">\n\t\t\t\t<div class=\"elementor-element elementor-element-5c29d3a elementor-widget elementor-widget-heading\" data-id=\"5c29d3a\" data-element_type=\"widget\" data-widget_type=\"heading.default\">\n\t\t\t\t<div class=\"elementor-widget-container\">\n\t\t\t<h2 class=\"elementor-heading-title elementor-size-default\">MARJAN MAXIMILIAN<\/h2>\t\t<\/div>\n\t\t\t\t<\/div>\n\t\t\t\t<div class=\"elementor-element elementor-element-c671306 elementor-widget elementor-widget-heading\" data-id=\"c671306\" data-element_type=\"widget\" data-widget_type=\"heading.default\">\n\t\t\t\t<div class=\"elementor-widget-container\">\n\t\t\t<h2 class=\"elementor-heading-title elementor-size-default\">DENKOV<\/h2>\t\t<\/div>\n\t\t\t\t<\/div>\n\t\t\t\t<div class=\"elementor-element elementor-element-8c51f39 elementor-widget elementor-widget-heading\" data-id=\"8c51f39\" data-element_type=\"widget\" data-widget_type=\"heading.default\">\n\t\t\t\t<div class=\"elementor-widget-container\">\n\t\t\t<h2 class=\"elementor-heading-title elementor-size-default\">Fondateur &amp; Architecte d\u2019int\u00e9rieur <\/h2>\t\t<\/div>\n\t\t\t\t<\/div>\n\t\t\t\t<div class=\"elementor-element elementor-element-72b8ebb elementor-widget elementor-widget-spacer\" data-id=\"72b8ebb\" data-element_type=\"widget\" data-widget_type=\"spacer.default\">\n\t\t\t\t<div class=\"elementor-widget-container\">\n\t\t\t\t\t<div class=\"elementor-spacer\">\n\t\t\t<div class=\"elementor-spacer-inner\"><\/div>\n\t\t<\/div>\n\t\t\t\t<\/div>\n\t\t\t\t<\/div>\n\t\t\t\t<div class=\"elementor-element elementor-element-d6c25b3 elementor-widget elementor-widget-text-editor\" data-id=\"d6c25b3\" data-element_type=\"widget\" data-widget_type=\"text-editor.default\">\n\t\t\t\t<div class=\"elementor-widget-container\">\n\t\t\t\t\t\t\t<p>Riche de ses origines Slaves et multiculturelles, Marjan Maximilian DENKOV a \u00e9t\u00e9 berc\u00e9 par les influences de la Byzance, mais aussi de l\u2019Antiquit\u00e9 gr\u00e9co-romaine et de la culture ottomane.<\/p><p><strong>2007<\/strong> Curieux et passionn\u00e9 par le design et l\u2019art depuis son enfance, Marjan Maximilian DENKOV obtient son dipl\u00f4me \u00e0 la prestigieuse \u00c9cole Nationale Sup\u00e9rieure des Beaux Arts de Paris (ENSBA).<\/p>\t\t\t\t\t\t<\/div>\n\t\t\t\t<\/div>\n\t\t\t\t<\/div>\n\t\t<div class=\"elementor-element elementor-element-b4cde16 e-con-full e-flex e-con e-child\" data-id=\"b4cde16\" data-element_type=\"container\">\n\t\t\t\t<div class=\"elementor-element elementor-element-80f1eee etheme-elementor-widget-loaded elementor-widget elementor-widget-image\" data-id=\"80f1eee\" data-element_type=\"widget\" data-widget_type=\"image.default\">\n\t\t\t\t<div class=\"elementor-widget-container\">\n\t\t\t\t\t\t\t\t\t\t\t\t\t<img loading=\"lazy\" loading=\"lazy\" decoding=\"async\" width=\"2000\" height=\"2496\" src=\"https:\/\/ruemonsieurparis.com\/wp-content\/uploads\/2026\/03\/maximilian-denkov-1.jpg\" class=\"attachment-full size-full wp-image-2274\" alt=\"\" srcset=\"https:\/\/ruemonsieurparis.com\/wp-content\/uploads\/2026\/03\/maximilian-denkov-1.jpg 2000w, https:\/\/ruemonsieurparis.com\/wp-content\/uploads\/2026\/03\/maximilian-denkov-1-240x300.jpg 240w, https:\/\/ruemonsieurparis.com\/wp-content\/uploads\/2026\/03\/maximilian-denkov-1-821x1024.jpg 821w, https:\/\/ruemonsieurparis.com\/wp-content\/uploads\/2026\/03\/maximilian-denkov-1-768x958.jpg 768w, https:\/\/ruemonsieurparis.com\/wp-content\/uploads\/2026\/03\/maximilian-denkov-1-1231x1536.jpg 1231w, https:\/\/ruemonsieurparis.com\/wp-content\/uploads\/2026\/03\/maximilian-denkov-1-1641x2048.jpg 1641w, https:\/\/ruemonsieurparis.com\/wp-content\/uploads\/2026\/03\/maximilian-denkov-1-600x749.jpg 600w, https:\/\/ruemonsieurparis.com\/wp-content\/uploads\/2026\/03\/maximilian-denkov-1-1x1.jpg 1w, https:\/\/ruemonsieurparis.com\/wp-content\/uploads\/2026\/03\/maximilian-denkov-1-8x10.jpg 8w\" sizes=\"auto, (max-width: 2000px) 100vw, 2000px\" \/>\t\t\t\t\t\t\t\t\t\t\t\t\t<\/div>\n\t\t\t\t<\/div>\n\t\t\t\t<\/div>\n\t\t\t\t\t<\/div>\n\t\t\t\t<\/div>\n\t\t<div class=\"elementor-element elementor-element-6e70b70 e-flex e-con-boxed e-con e-parent\" data-id=\"6e70b70\" data-element_type=\"container\">\n\t\t\t\t\t<div class=\"e-con-inner\">\n\t\t<div class=\"elementor-element elementor-element-f702697 e-con-full e-flex e-con e-child\" data-id=\"f702697\" data-element_type=\"container\" data-settings=\"{&quot;background_background&quot;:&quot;classic&quot;}\">\n\t\t\t\t<div class=\"elementor-element elementor-element-4abf1fe elementor-widget elementor-widget-text-editor\" data-id=\"4abf1fe\" data-element_type=\"widget\" data-widget_type=\"text-editor.default\">\n\t\t\t\t<div class=\"elementor-widget-container\">\n\t\t\t\t\t\t\t<p><em>Peu apr\u00e8s l\u2019obtention de son dipl\u00f4me il chamboule les accrochages des mus\u00e9es et des Biennales d\u2019Art Contemporain dans le monde entier : s\u00e9vissant de Thessalonique au Texas via Beijing, NYC, Bucarest, Barcelone, Bruxelles, Skopje, Valence, Varsovie, Berlin et Paris.<\/em><\/p>\t\t\t\t\t\t<\/div>\n\t\t\t\t<\/div>\n\t\t\t\t<\/div>\n\t\t\t\t\t<\/div>\n\t\t\t\t<\/div>\n\t\t<div class=\"elementor-element elementor-element-30b6bc6 e-flex e-con-boxed e-con e-parent\" data-id=\"30b6bc6\" data-element_type=\"container\">\n\t\t\t\t\t<div class=\"e-con-inner\">\n\t\t\t\t<div class=\"elementor-element elementor-element-3cc0674 elementor-widget elementor-widget-text-editor\" data-id=\"3cc0674\" data-element_type=\"widget\" data-widget_type=\"text-editor.default\">\n\t\t\t\t<div class=\"elementor-widget-container\">\n\t\t\t\t\t\t\t<p style=\"text-align: justify;\"><strong>2012<\/strong> Co-fondation de la marque fran\u00e7aise de mobilier, RUE MONSIEUR PARIS.<\/p><p style=\"text-align: justify;\"><strong>2013<\/strong> Lancement officiel de la marque au salon incontournable Maison et Objet \u00e0 Paris. Le design de Marjan Maximilian est reconnu pour son esth\u00e9tique unique et son engagement cr\u00e9atif, laissant une empreinte reconnaissable.\u2028<br \/>Six mois apr\u00e8s le lancement de la marque, les Galeries Lafayette \u00e0 Paris lui consacrent leurs vitrines lors de la Paris Design Week.<\/p><p style=\"text-align: justify;\"><strong>2015<\/strong> \u00c0 l\u2019occasion de l\u2019exposition de Design et d\u2019artisanat d\u2019art \u00e0 la Ville de Paris, Anne HIDALGO, Maire de Paris, lui f\u00e9licite et salue son talent et ses r\u00e9alisations.<\/p><p style=\"text-align: justify;\"><strong>2015<\/strong> RUE MONSIEUR PARIS re\u00e7oit le Label Archi Designer.<\/p><p style=\"text-align: justify;\"><strong>2016<\/strong> RUE MONSIEUR PARIS fait partie de la s\u00e9lection \u00e0 l\u2019exposition du savoir-faire et d\u2019artisanat d\u2019art de la France au KUNSTGEWERBE Museum Berlin, Mus\u00e9e des Arts D\u00e9coratifs de Berlin.<\/p><p style=\"text-align: justify;\"><strong>2017<\/strong> En collaboration avec les ing\u00e9nieurs de Zavar DESIGN, Marjan Maximilian co dessine des radiateurs con\u00e7us sur mesure. Prix de Architectural Digest Show NYC, Best Inovative Design, de la part de American Society of Interior Designers.<\/p><p style=\"text-align: justify;\"><strong>2021<\/strong> Reconnaissance officielle du Minist\u00e8re des Affaires \u00c9trang\u00e8res de la Mac\u00e9doine soulignant son parcours professionnel et sa contribution \u00e0 la promotion du pays.<\/p>\t\t\t\t\t\t<\/div>\n\t\t\t\t<\/div>\n\t\t\t\t\t<\/div>\n\t\t\t\t<\/div>\n\t\t<div class=\"elementor-element elementor-element-68789d5 e-flex e-con-boxed e-con e-parent\" data-id=\"68789d5\" data-element_type=\"container\">\n\t\t\t\t\t<div class=\"e-con-inner\">\n\t\t\t\t<div class=\"elementor-element elementor-element-3b6c8d4 etheme-elementor-widget-loaded elementor-widget elementor-widget-image\" data-id=\"3b6c8d4\" data-element_type=\"widget\" data-widget_type=\"image.default\">\n\t\t\t\t<div class=\"elementor-widget-container\">\n\t\t\t\t\t\t\t\t\t\t\t\t\t<img loading=\"lazy\" loading=\"lazy\" decoding=\"async\" width=\"2038\" height=\"1165\" src=\"https:\/\/ruemonsieurparis.com\/wp-content\/uploads\/2026\/03\/Galeries-LaFayette-texte-web.jpg\" class=\"attachment-full size-full wp-image-2275\" alt=\"\" srcset=\"https:\/\/ruemonsieurparis.com\/wp-content\/uploads\/2026\/03\/Galeries-LaFayette-texte-web.jpg 2038w, https:\/\/ruemonsieurparis.com\/wp-content\/uploads\/2026\/03\/Galeries-LaFayette-texte-web-300x171.jpg 300w, https:\/\/ruemonsieurparis.com\/wp-content\/uploads\/2026\/03\/Galeries-LaFayette-texte-web-1024x585.jpg 1024w, https:\/\/ruemonsieurparis.com\/wp-content\/uploads\/2026\/03\/Galeries-LaFayette-texte-web-768x439.jpg 768w, https:\/\/ruemonsieurparis.com\/wp-content\/uploads\/2026\/03\/Galeries-LaFayette-texte-web-1536x878.jpg 1536w, https:\/\/ruemonsieurparis.com\/wp-content\/uploads\/2026\/03\/Galeries-LaFayette-texte-web-600x343.jpg 600w, https:\/\/ruemonsieurparis.com\/wp-content\/uploads\/2026\/03\/Galeries-LaFayette-texte-web-1x1.jpg 1w, https:\/\/ruemonsieurparis.com\/wp-content\/uploads\/2026\/03\/Galeries-LaFayette-texte-web-10x6.jpg 10w\" sizes=\"auto, (max-width: 2038px) 100vw, 2038px\" \/>\t\t\t\t\t\t\t\t\t\t\t\t\t<\/div>\n\t\t\t\t<\/div>\n\t\t\t\t\t<\/div>\n\t\t\t\t<\/div>\n\t\t\t\t<\/div>\n\t\t","protected":false},"excerpt":{"rendered":"<p>MARJAN MAXIMILIAN DENKOV Fondateur &amp; Architecte d\u2019int\u00e9rieur Riche de ses origines Slaves et multiculturelles, Marjan Maximilian DENKOV a \u00e9t\u00e9 berc\u00e9 par les influences de la&#8230;<\/p>\n","protected":false},"author":1,"featured_media":0,"parent":0,"menu_order":0,"comment_status":"closed","ping_status":"closed","template":"elementor_header_footer","meta":{"_acf_changed":false,"footnotes":""},"class_list":["post-2271","page","type-page","status-publish","hentry"],"acf":[],"_links":{"self":[{"href":"https:\/\/ruemonsieurparis.com\/fr\/wp-json\/wp\/v2\/pages\/2271","targetHints":{"allow":["GET"]}}],"collection":[{"href":"https:\/\/ruemonsieurparis.com\/fr\/wp-json\/wp\/v2\/pages"}],"about":[{"href":"https:\/\/ruemonsieurparis.com\/fr\/wp-json\/wp\/v2\/types\/page"}],"author":[{"embeddable":true,"href":"https:\/\/ruemonsieurparis.com\/fr\/wp-json\/wp\/v2\/users\/1"}],"replies":[{"embeddable":true,"href":"https:\/\/ruemonsieurparis.com\/fr\/wp-json\/wp\/v2\/comments?post=2271"}],"version-history":[{"count":9,"href":"https:\/\/ruemonsieurparis.com\/fr\/wp-json\/wp\/v2\/pages\/2271\/revisions"}],"predecessor-version":[{"id":2676,"href":"https:\/\/ruemonsieurparis.com\/fr\/wp-json\/wp\/v2\/pages\/2271\/revisions\/2676"}],"wp:attachment":[{"href":"https:\/\/ruemonsieurparis.com\/fr\/wp-json\/wp\/v2\/media?parent=2271"}],"curies":[{"name":"wp","href":"https:\/\/api.w.org\/{rel}","templated":true}]}}