{"id":2148,"date":"2026-03-13T11:40:46","date_gmt":"2026-03-13T11:40:46","guid":{"rendered":"https:\/\/ruemonsieurparis.com\/a-propos-de-nous-rmp-interiors\/"},"modified":"2026-04-14T10:27:46","modified_gmt":"2026-04-14T10:27:46","slug":"a-propos-de-nous-rmp-interiors","status":"publish","type":"page","link":"https:\/\/ruemonsieurparis.com\/fr\/a-propos-de-nous-rmp-interiors\/","title":{"rendered":"\u00c0 propos"},"content":{"rendered":"\t\t<div data-elementor-type=\"wp-page\" data-elementor-id=\"2148\" class=\"elementor elementor-2148 elementor-1426\" data-elementor-post-type=\"page\">\n\t\t\t\t<div class=\"elementor-element elementor-element-10f1e82 e-flex e-con-boxed e-con e-parent\" data-id=\"10f1e82\" data-element_type=\"container\" data-settings=\"{&quot;background_background&quot;:&quot;classic&quot;}\">\n\t\t\t\t\t<div class=\"e-con-inner\">\n\t\t<div class=\"elementor-element elementor-element-3a3da22 e-con-full e-flex e-con e-child\" data-id=\"3a3da22\" data-element_type=\"container\">\n\t\t\t\t<div class=\"elementor-element elementor-element-5c29d3a elementor-widget elementor-widget-heading\" data-id=\"5c29d3a\" data-element_type=\"widget\" data-widget_type=\"heading.default\">\n\t\t\t\t<div class=\"elementor-widget-container\">\n\t\t\t<h2 class=\"elementor-heading-title elementor-size-default\">RUE MONSIEUR PARIS<\/h2>\t\t<\/div>\n\t\t\t\t<\/div>\n\t\t\t\t<div class=\"elementor-element elementor-element-c671306 elementor-widget elementor-widget-heading\" data-id=\"c671306\" data-element_type=\"widget\" data-widget_type=\"heading.default\">\n\t\t\t\t<div class=\"elementor-widget-container\">\n\t\t\t<h2 class=\"elementor-heading-title elementor-size-default\">INTERIORS<\/h2>\t\t<\/div>\n\t\t\t\t<\/div>\n\t\t\t\t<div class=\"elementor-element elementor-element-72b8ebb elementor-widget elementor-widget-spacer\" data-id=\"72b8ebb\" data-element_type=\"widget\" data-widget_type=\"spacer.default\">\n\t\t\t\t<div class=\"elementor-widget-container\">\n\t\t\t\t\t<div class=\"elementor-spacer\">\n\t\t\t<div class=\"elementor-spacer-inner\"><\/div>\n\t\t<\/div>\n\t\t\t\t<\/div>\n\t\t\t\t<\/div>\n\t\t\t\t<div class=\"elementor-element elementor-element-d6c25b3 elementor-widget elementor-widget-text-editor\" data-id=\"d6c25b3\" data-element_type=\"widget\" data-widget_type=\"text-editor.default\">\n\t\t\t\t<div class=\"elementor-widget-container\">\n\t\t\t\t\t\t\t<p data-pm-slice=\"1 1 []\">Rue Monsieur Paris INTERIORS propose un nouvel art de vivre o\u00f9 le savoir-faire artisanal et la cr\u00e9ativit\u00e9 rencontrent le confort contemporain. Marjan Maximilian DENKOV orchestre une mise en sc\u00e8ne de l\u2019espace o\u00f9 le mobilier, les luminaires soigneusement choisis, les senteurs et les pi\u00e8ces d\u2019art vous plongent dans une exp\u00e9rience unique.<\/p><p>\u2028Des pi\u00e8ces uniques s\u2019inscrivent dans des espaces sign\u00e9s.\u2028<\/p><p>Grace \u00e0 sa force de proposition, sa cr\u00e9ativit\u00e9 et sa capacit\u00e9 des transformations incroyables, Marjan Maximilian vous surprendra avec les m\u00e9tamorphoses des espaces et leurs futures destinations.<\/p>\t\t\t\t\t\t<\/div>\n\t\t\t\t<\/div>\n\t\t\t\t<\/div>\n\t\t<div class=\"elementor-element elementor-element-b4cde16 e-con-full e-flex e-con e-child\" data-id=\"b4cde16\" data-element_type=\"container\">\n\t\t\t\t<div class=\"elementor-element elementor-element-80f1eee etheme-elementor-widget-loaded elementor-widget elementor-widget-image\" data-id=\"80f1eee\" data-element_type=\"widget\" data-widget_type=\"image.default\">\n\t\t\t\t<div class=\"elementor-widget-container\">\n\t\t\t\t\t\t\t\t\t\t\t\t\t<img loading=\"lazy\" loading=\"lazy\" decoding=\"async\" width=\"1920\" height=\"2560\" src=\"https:\/\/ruemonsieurparis.com\/wp-content\/uploads\/2026\/03\/RUE-MONSIEUR-PARIS-scaled.jpg\" class=\"attachment-full size-full wp-image-2149\" alt=\"\" srcset=\"https:\/\/ruemonsieurparis.com\/wp-content\/uploads\/2026\/03\/RUE-MONSIEUR-PARIS-scaled.jpg 1920w, https:\/\/ruemonsieurparis.com\/wp-content\/uploads\/2026\/03\/RUE-MONSIEUR-PARIS-225x300.jpg 225w, https:\/\/ruemonsieurparis.com\/wp-content\/uploads\/2026\/03\/RUE-MONSIEUR-PARIS-768x1024.jpg 768w, https:\/\/ruemonsieurparis.com\/wp-content\/uploads\/2026\/03\/RUE-MONSIEUR-PARIS-1152x1536.jpg 1152w, https:\/\/ruemonsieurparis.com\/wp-content\/uploads\/2026\/03\/RUE-MONSIEUR-PARIS-1536x2048.jpg 1536w, https:\/\/ruemonsieurparis.com\/wp-content\/uploads\/2026\/03\/RUE-MONSIEUR-PARIS-600x800.jpg 600w, https:\/\/ruemonsieurparis.com\/wp-content\/uploads\/2026\/03\/RUE-MONSIEUR-PARIS-1x1.jpg 1w, https:\/\/ruemonsieurparis.com\/wp-content\/uploads\/2026\/03\/RUE-MONSIEUR-PARIS-8x10.jpg 8w\" sizes=\"auto, (max-width: 1920px) 100vw, 1920px\" \/>\t\t\t\t\t\t\t\t\t\t\t\t\t<\/div>\n\t\t\t\t<\/div>\n\t\t\t\t<\/div>\n\t\t\t\t\t<\/div>\n\t\t\t\t<\/div>\n\t\t<div class=\"elementor-element elementor-element-4cdfda6 e-flex e-con-boxed e-con e-parent\" data-id=\"4cdfda6\" data-element_type=\"container\" data-settings=\"{&quot;background_background&quot;:&quot;classic&quot;}\">\n\t\t\t\t\t<div class=\"e-con-inner\">\n\t\t<div class=\"elementor-element elementor-element-2960fc3 e-con-full e-flex e-con e-child\" data-id=\"2960fc3\" data-element_type=\"container\" data-settings=\"{&quot;background_background&quot;:&quot;classic&quot;}\">\n\t\t\t\t<div class=\"elementor-element elementor-element-4abf1fe elementor-widget elementor-widget-text-editor\" data-id=\"4abf1fe\" data-element_type=\"widget\" data-widget_type=\"text-editor.default\">\n\t\t\t\t<div class=\"elementor-widget-container\">\n\t\t\t\t\t\t\t<p>\u201cNous \u00e9tions tr\u00e8s impressionn\u00e9s par l\u2019appartement. Il y a une vraie qualit\u00e9 d\u2019ex\u00e9cution. Ton gout et ton expertise en font quelque chose de tr\u00e8s chic, optimis\u00e9 et fonctionnel que nous avons h\u00e2te d\u2019habiter. \u2028<br \/>On se f\u00e9licite tous les jours de t\u2019avoir choisi comme architecte d\u2019int\u00e9rieur. \u201c<\/p>\t\t\t\t\t\t<\/div>\n\t\t\t\t<\/div>\n\t\t\t\t<div class=\"elementor-element elementor-element-3bee42d elementor-widget elementor-widget-text-editor\" data-id=\"3bee42d\" data-element_type=\"widget\" data-widget_type=\"text-editor.default\">\n\t\t\t\t<div class=\"elementor-widget-container\">\n\t\t\t\t\t\t\t<p style=\"text-align: right;\">Commentaire clients<\/p>\t\t\t\t\t\t<\/div>\n\t\t\t\t<\/div>\n\t\t\t\t<\/div>\n\t\t\t\t\t<\/div>\n\t\t\t\t<\/div>\n\t\t<div class=\"elementor-element elementor-element-30b6bc6 e-flex e-con-boxed e-con e-parent\" data-id=\"30b6bc6\" data-element_type=\"container\">\n\t\t\t\t\t<div class=\"e-con-inner\">\n\t\t\t\t<div class=\"elementor-element elementor-element-3cc0674 elementor-widget elementor-widget-text-editor\" data-id=\"3cc0674\" data-element_type=\"widget\" data-widget_type=\"text-editor.default\">\n\t\t\t\t<div class=\"elementor-widget-container\">\n\t\t\t\t\t\t\t<p>Le style est conditionn\u00e9 selon le lieu et l\u2019espace en question: raffin\u00e9, \u00e9l\u00e9gant, n\u00e9o classique, parfois minimaliste, sur une base Art Deco, et un twist contemporain.\u2028<\/p><p>Tout est une question d\u2019\u00e9quilibre et de dialogue des mati\u00e8res.\u2028<\/p><p data-pm-slice=\"1 1 []\">En tant qu\u2019architecte d\u2019int\u00e9rieur, Marjan Maximilian signe des meubles, cr\u00e9e des vitrines ou encore r\u00e9am\u00e9nage et d\u00e9core des r\u00e9sidences priv\u00e9es.<\/p><p data-pm-slice=\"1 1 []\">La presse en parle r\u00e9guli\u00e8rement.<\/p>\t\t\t\t\t\t<\/div>\n\t\t\t\t<\/div>\n\t\t\t\t\t<\/div>\n\t\t\t\t<\/div>\n\t\t\t\t<\/div>\n\t\t","protected":false},"excerpt":{"rendered":"<p>RUE MONSIEUR PARIS INTERIORS Rue Monsieur Paris INTERIORS propose un nouvel art de vivre o\u00f9 le savoir-faire artisanal et la cr\u00e9ativit\u00e9 rencontrent le confort contemporain&#8230;.<\/p>\n","protected":false},"author":1,"featured_media":0,"parent":0,"menu_order":0,"comment_status":"closed","ping_status":"closed","template":"","meta":{"_acf_changed":false,"footnotes":""},"class_list":["post-2148","page","type-page","status-publish","hentry"],"acf":[],"_links":{"self":[{"href":"https:\/\/ruemonsieurparis.com\/fr\/wp-json\/wp\/v2\/pages\/2148","targetHints":{"allow":["GET"]}}],"collection":[{"href":"https:\/\/ruemonsieurparis.com\/fr\/wp-json\/wp\/v2\/pages"}],"about":[{"href":"https:\/\/ruemonsieurparis.com\/fr\/wp-json\/wp\/v2\/types\/page"}],"author":[{"embeddable":true,"href":"https:\/\/ruemonsieurparis.com\/fr\/wp-json\/wp\/v2\/users\/1"}],"replies":[{"embeddable":true,"href":"https:\/\/ruemonsieurparis.com\/fr\/wp-json\/wp\/v2\/comments?post=2148"}],"version-history":[{"count":15,"href":"https:\/\/ruemonsieurparis.com\/fr\/wp-json\/wp\/v2\/pages\/2148\/revisions"}],"predecessor-version":[{"id":2906,"href":"https:\/\/ruemonsieurparis.com\/fr\/wp-json\/wp\/v2\/pages\/2148\/revisions\/2906"}],"wp:attachment":[{"href":"https:\/\/ruemonsieurparis.com\/fr\/wp-json\/wp\/v2\/media?parent=2148"}],"curies":[{"name":"wp","href":"https:\/\/api.w.org\/{rel}","templated":true}]}}